{"id":87,"date":"2023-10-08T17:32:23","date_gmt":"2023-10-08T17:32:23","guid":{"rendered":"https:\/\/sse.conferences.computer.org\/2024\/?page_id=87"},"modified":"2024-06-27T21:42:23","modified_gmt":"2024-06-27T21:42:23","slug":"organizers","status":"publish","type":"page","link":"https:\/\/sse.conferences.computer.org\/2024\/organizers\/","title":{"rendered":"Organizers"},"content":{"rendered":"\t\t<div data-elementor-type=\"wp-page\" data-elementor-id=\"87\" class=\"elementor elementor-87\" data-elementor-post-type=\"page\">\n\t\t\t\t\t\t<section class=\"elementor-section elementor-top-section elementor-element elementor-element-90af8cb elementor-section-boxed elementor-section-height-default elementor-section-height-default\" data-id=\"90af8cb\" data-element_type=\"section\" data-e-type=\"section\">\n\t\t\t\t\t\t<div class=\"elementor-container elementor-column-gap-default\">\n\t\t\t\t\t<div class=\"elementor-column elementor-col-100 elementor-top-column elementor-element elementor-element-4ee9147\" data-id=\"4ee9147\" data-element_type=\"column\" data-e-type=\"column\">\n\t\t\t<div class=\"elementor-widget-wrap elementor-element-populated\">\n\t\t\t\t\t\t<div class=\"elementor-element elementor-element-97f13e6 elementor-widget elementor-widget-text-editor\" data-id=\"97f13e6\" data-element_type=\"widget\" data-e-type=\"widget\" data-widget_type=\"text-editor.default\">\n\t\t\t\t<div class=\"elementor-widget-container\">\n\t\t\t\t\t\t\t\t\t<h2><strong>Organizers<\/strong><\/h2><p><strong>General Chair<\/strong><br \/>Sumi Helal, University of Florida<\/p><p><strong>Program Chairs<\/strong><br \/>Tiberiu Seceleanu, Malardalen University<br \/>Yanchun Sun, Peking University<br \/>Javier Berrocal, University of Extremadura<\/p><p><strong>Publicity Chairs<br \/><\/strong>Leye Wang, Peking University<br \/>Ahmed Khaled, Northeastern Illinois University<br \/>Juan Luis Herrera, University of Bologna<\/p><p><strong>Program Committee<\/strong><\/p><p>Ahmad Abdellatif, University of Calgary<br \/>Paroha Abhay, SLB<br \/>Ladjel Bellatreche, LIAS\/ENSMA<br \/>Paolo Bellavista, University of Bologna<br \/>Huaming Chen, The University of Sydney<br \/>Liang Chen, Sun Yat-Sen University<br \/>Shizhan Chen, Tianjin University<br \/>Shuiguang Deng, Zhejiang University<br \/>Li Duan, Beijing Jiaotong University<br \/>Yehia Elkhatib, University of Glasgow<br \/>Jose Maria Garcia, University of Seville<br \/>Rong Gu, M\u00e4lardalen University<br \/>Shoufei Han, Nanjing University of Aeronautics and Astronautics<br \/>Hua Ming, Oakland University<br \/>Axel Jantsch, KTH Royal Institute of Technology<br \/>Chrstine Julien, The University of Texas at Austin<br \/>Stamatis Kamouskos, SAP<br \/>Ahmed Khaled, Northeastern Illinois University<br \/>Ying Kia-Chiam, University of Malaya<br \/>Gibson Lam, The Hong Kong University of Science &amp; Technology<br \/>Sergio Laso, Universidad de Extremadura<br \/>Jaejoon Lee, University of East Anglia<br \/>Zheng Li, Queen&#8217;s University Belfast<br \/>Peng Liang, Wuhan University<br \/>Lin Liu, Tsinghua University<br \/>Xiao Liu, Deakin University<br \/>Zhihui Lv, Fudan University<br \/>Hui Ma, Victoria University of Wellington<br \/>Yun Ma, Ministry of Education<br \/>Jose Manuel-Garcia, University of Extremadura<br \/>Tiziana Margaria, University of Limerick and Lero<br \/>Niko M\u00e4kitalo, University of Jyv\u00e4skyl\u00e4<br \/>Xavier Oriol, Universitat Polit\u00e8cnica de Catalunya<br \/>Guadalupe Ortiz, UCASE Software Engineering Group<br \/>Srinath Perera, WSO2<br \/>Massimilano Pirani, Universit\u00e0 Politecnica Delle Marche<br \/>Stephan Reiff-Marganiec, University of Derby<br \/>Rifat Shams, CSIRO&#8217;s Data61<br \/>Detlef Streitferdt, Ilmenau University of Technology<br \/>Hongbing Wang, Southeast University<br \/>Jian Wang, Wuhan University<br \/>Zhongjie Wang, Harbin Institute of Technology<br \/>Jianqing Wu, Jiangxi University of Science &amp; Technology<br \/>Ning Xiong, M\u00e4lardalen University<br \/>Muhammad Younas, Oxford Brookes University<br \/>Jian Yu, Auckland University of Technology<br \/>Pengcheng Zhang, Hohai University<br \/>Rui Zhu, Yunnan University<br \/><br \/><br \/><br \/><\/p>\t\t\t\t\t\t\t\t<\/div>\n\t\t\t\t<\/div>\n\t\t\t\t\t<\/div>\n\t\t<\/div>\n\t\t\t\t\t<\/div>\n\t\t<\/section>\n\t\t\t\t<\/div>\n\t\t","protected":false},"excerpt":{"rendered":"<p>Organizers General ChairSumi Helal, University of Florida Program ChairsTiberiu Seceleanu, Malardalen UniversityYanchun Sun, Peking UniversityJavier Berrocal, University of Extremadura Publicity ChairsLeye Wang, Peking UniversityAhmed Khaled, Northeastern Illinois UniversityJuan Luis Herrera, University of Bologna Program Committee Ahmad Abdellatif, University of CalgaryParoha Abhay, SLBLadjel Bellatreche, LIAS\/ENSMAPaolo Bellavista, University of BolognaHuaming Chen, The University of SydneyLiang Chen, Sun [&hellip;]<\/p>\n","protected":false},"author":3,"featured_media":0,"parent":0,"menu_order":0,"comment_status":"closed","ping_status":"closed","template":"","meta":{"footnotes":""},"class_list":["post-87","page","type-page","status-publish","hentry"],"featured_image_src":null,"featured_image_src_square":null,"_links":{"self":[{"href":"https:\/\/sse.conferences.computer.org\/2024\/wp-json\/wp\/v2\/pages\/87","targetHints":{"allow":["GET"]}}],"collection":[{"href":"https:\/\/sse.conferences.computer.org\/2024\/wp-json\/wp\/v2\/pages"}],"about":[{"href":"https:\/\/sse.conferences.computer.org\/2024\/wp-json\/wp\/v2\/types\/page"}],"author":[{"embeddable":true,"href":"https:\/\/sse.conferences.computer.org\/2024\/wp-json\/wp\/v2\/users\/3"}],"replies":[{"embeddable":true,"href":"https:\/\/sse.conferences.computer.org\/2024\/wp-json\/wp\/v2\/comments?post=87"}],"version-history":[{"count":0,"href":"https:\/\/sse.conferences.computer.org\/2024\/wp-json\/wp\/v2\/pages\/87\/revisions"}],"wp:attachment":[{"href":"https:\/\/sse.conferences.computer.org\/2024\/wp-json\/wp\/v2\/media?parent=87"}],"curies":[{"name":"wp","href":"https:\/\/api.w.org\/{rel}","templated":true}]}}